{"id":41,"date":"2024-02-16T09:30:00","date_gmt":"2024-02-16T09:30:00","guid":{"rendered":"https:\/\/porezi.niksic.me\/?page_id=41"},"modified":"2024-08-05T12:31:36","modified_gmt":"2024-08-05T12:31:36","slug":"pocetna","status":"publish","type":"page","link":"https:\/\/porezi.niksic.me\/en\/","title":{"rendered":"Property tax payment"},"content":{"rendered":"<form action=\"\/wp-admin\/admin-ajax.php\" method=\"POST\" id=\"filter-main-search-jmbg\" data-trp-original-action=\"\/wp-admin\/admin-ajax.php\" ><input class=\"jmbg\"  type=\"number\" id=\"jmbg-data\" placeholder=\"Provjera prema JMBG-u ili PIB-u\" ><button id=\"applyjmbg\" class=\"hidden\">Check it out<\/button><input type=\"hidden\" name=\"action\" value=\"userdataajaxcalljmbg\"><input type=\"hidden\" name=\"trp-form-language\" value=\"en\"\/><\/form><form action=\"\/wp-admin\/admin-ajax.php\" method=\"POST\" id=\"filter-main-search\" data-trp-original-action=\"\/wp-admin\/admin-ajax.php\" ><input class=\"aop\"   type=\"number\" id=\"aop\" placeholder=\"Check according to AOP\" ><button id=\"apply\" class=\"hidden\">Check it out<\/button><input type=\"hidden\" name=\"action\" value=\"userdataajaxcall\"><input type=\"hidden\" name=\"trp-form-language\" value=\"en\"\/><\/form><div id=\"filter-main-search-result\" class=\"container mx-auto\"><\/div>\n\n\n<h3 style=\"padding:20px 0;\">Property tax payment<\/h3><form method=\"post\" id=\"paymentFormNepokretnost\" action=\"\"><div class=\"form-group\"><label for=\"pozivnabroj\">Call to number \/ AOP (AOP must be 6 digits). If AOP is less than 6 digits in front of the number, add zeros) <\/label><input type=\"text\" class=\"form-control\" id=\"pozivnabroj\" name=\"pozivnabroj\"   pattern=\"\\d{6}\" maxlength=\"6\" required><\/div><div class=\"form-group\"><label for=\"firstname\">First name<\/label><input type=\"text\" class=\"form-control\" id=\"firstname\" name=\"firstname\" required><\/div><div class=\"form-group\"><label for=\"lastname\">Last name<\/label><input type=\"text\" class=\"form-control\" id=\"lastname\" name=\"lastname\" required><\/div><div class=\"form-group\"><label for=\"email\">Email <\/label><input type=\"email\" class=\"form-control\" id=\"email\" name=\"email\" required><\/div><div class=\"form-group\"><label for=\"jmbg\">Passport number<\/label><input type=\"text\" class=\"form-control\" id=\"jmbg\" name=\"jmbg\"  pattern=\"\\d{13}\" maxlength=\"13\"  required><\/div><div class=\"form-group hidden\"><label for=\"Addres\">Address<\/label><input type=\"text\" class=\"form-control\" id=\"address\" name=\"address\" ><\/div><div class=\"form-group hidden\"><label for=\"city\">City<\/label><input type=\"text\" class=\"form-control\" id=\"city\" name=\"city\" ><\/div><div class=\"form-group hidden\"><label for=\"postcode\">Postcode<\/label><input type=\"text\" class=\"form-control\" id=\"postcode\" name=\"postcode\" ><\/div><div class=\"form-group\">\n        \n                    <label for=\"year\">Year of tax<\/label>\n                    <select name=\"year\">\n\t\t\t\t\t<option value=\"2024\">2026<\/option>\n\t\t\t\t\t<option value=\"2024\">2025<\/option>\n\t\t\t\t\t<option value=\"2024\">2024<\/option>\n\t\t\t\t\t\t<option value=\"2023\">2023<\/option>\n                        <option value=\"2022\">2022<\/option>\n                        <option value=\"2021\">2021<\/option>\n\t\t\t\t\t\t<option value=\"2020\">2020<\/option>\n                        <option value=\"2019\">2019<\/option>\n                        <option value=\"2018\">2018<\/option>\n                        <option value=\"2017\">2017<\/option>\n                        <option value=\"2016\">2016<\/option>\n                        <option value=\"2015\">2015<\/option>\n                        <option value=\"2014\">2014<\/option>\n                        <option value=\"2013\">2013<\/option>\n                    <\/select>\n                    \n                <\/div><div class=\"form-group\"><label for=\"amount\">Amount<\/label><input type=\"number\" step=\"0.01\" min=\"0.01\" class=\"form-control\" id=\"amount\" name=\"amount\" required><\/div><div class=\"form-group\"><label for=\"payamount\" style=\"font-weight: bold;\">Amount to be paid<\/label><label id=\"iznosplacanjanepokretnost\"><\/label><\/div><p style=\"max-width:50%;\">You will be charged for the cost of bank services (2.5% of entered amount, minimum 0.25\u20ac) <\/p><input type=\"hidden\" id=\"paymentConfirmed\" value=\"0\"><button style=\"background-color: #0c426f;                                  border: none;                                  color: white;                                  padding: 15px 32px;                                  text-align: center;                                  text-decoration: none;                                  display: inline-block;                                  font-size: 16px;                                  margin: 4px 2px;                                  cursor: pointer;\" type=\"submit\" id=\"payment-form-submit\">Pay<\/button><input type=\"hidden\" name=\"submitnepokretnost\" value=\"true\"\/> <input type=\"hidden\" name=\"trp-form-language\" value=\"en\"\/><\/form><div class=\"payment-form-errors\" style=\"color:red;\"><\/div><div id=\"myModal\" class=\"modal hide fade\" tabindex=\"-1\" role=\"dialog\" aria-labelledby=\"myModalLabel\" aria-hidden=\"true\"><div class=\"modal-body\" style=\"display:none;\"><p>Iznos pla\u0107anja \u0107e biti uve\u0107an za tro\u0161kove usluga banke ( 2.5% od une\u0161enog iznosa, minimum 0.25 \u20ac).<\/p><div>Ukupan iznos je:<span id=\"ukupno\" style=\"font-weight:bold;\"><\/span> \u20ac<\/div><div style=\"margin:25px 0;\">Da li \u017eelite da nastavite sa pla\u0107anjem? <\/div><button id=\"modal-yes\">Da<\/button><button id=\"modal-no\">Ne<\/button><\/div><\/div>\n\n\n\n<figure class=\"wp-block-gallery has-nested-images columns-default is-cropped wp-block-gallery-1 is-layout-flex wp-block-gallery-is-layout-flex\">\n<figure class=\"wp-block-image size-large\"><img loading=\"lazy\" decoding=\"async\" width=\"269\" height=\"134\" data-id=\"84\" src=\"https:\/\/porezi.niksic.me\/wp-content\/uploads\/2024\/02\/nlblatest.png\" alt=\"\" class=\"wp-image-84\"\/><\/figure>\n\n\n\n<figure class=\"wp-block-image size-large\"><img loading=\"lazy\" decoding=\"async\" width=\"269\" height=\"134\" data-id=\"86\" src=\"https:\/\/porezi.niksic.me\/wp-content\/uploads\/2024\/02\/mastercardlatest.png\" alt=\"\" class=\"wp-image-86\"\/><\/figure>\n\n\n\n<figure class=\"wp-block-image size-large\"><img loading=\"lazy\" decoding=\"async\" width=\"269\" height=\"134\" data-id=\"85\" src=\"https:\/\/porezi.niksic.me\/wp-content\/uploads\/2024\/02\/visalatest.png\" alt=\"\" class=\"wp-image-85\"\/><\/figure>\n<\/figure>","protected":false},"excerpt":{"rendered":"","protected":false},"author":1,"featured_media":0,"parent":0,"menu_order":0,"comment_status":"closed","ping_status":"closed","template":"","meta":{"_acf_changed":false,"footnotes":""},"class_list":["post-41","page","type-page","status-publish","hentry"],"acf":[],"_links":{"self":[{"href":"https:\/\/porezi.niksic.me\/en\/wp-json\/wp\/v2\/pages\/41","targetHints":{"allow":["GET"]}}],"collection":[{"href":"https:\/\/porezi.niksic.me\/en\/wp-json\/wp\/v2\/pages"}],"about":[{"href":"https:\/\/porezi.niksic.me\/en\/wp-json\/wp\/v2\/types\/page"}],"author":[{"embeddable":true,"href":"https:\/\/porezi.niksic.me\/en\/wp-json\/wp\/v2\/users\/1"}],"replies":[{"embeddable":true,"href":"https:\/\/porezi.niksic.me\/en\/wp-json\/wp\/v2\/comments?post=41"}],"version-history":[{"count":8,"href":"https:\/\/porezi.niksic.me\/en\/wp-json\/wp\/v2\/pages\/41\/revisions"}],"predecessor-version":[{"id":131,"href":"https:\/\/porezi.niksic.me\/en\/wp-json\/wp\/v2\/pages\/41\/revisions\/131"}],"wp:attachment":[{"href":"https:\/\/porezi.niksic.me\/en\/wp-json\/wp\/v2\/media?parent=41"}],"curies":[{"name":"wp","href":"https:\/\/api.w.org\/{rel}","templated":true}]}}